{"id":31,"date":"2026-03-24T13:39:07","date_gmt":"2026-03-24T06:39:07","guid":{"rendered":"https:\/\/nha.nc\/?page_id=31"},"modified":"2026-04-10T11:28:20","modified_gmt":"2026-04-10T04:28:20","slug":"gioi-thieu","status":"publish","type":"page","link":"https:\/\/ktech3.k-tech-services.com\/info709\/gioi-thieu\/","title":{"rendered":"Gi\u1edbi thi\u1ec7u"},"content":{"rendered":"\n\t<section class=\"section home-about\" id=\"section_1764059268\">\n\t\t<div class=\"section-bg fill\" >\n\t\t\t\t\t\t\t\t\t\n\t\t\t\n\n\t\t<\/div>\n\n\t\t\n\n\t\t<div class=\"section-content relative\">\n\t\t\t\n\t<div id=\"gap-655617717\" class=\"gap-element clearfix\" style=\"display:block; height:auto;\">\n\t\t\n<style>\n#gap-655617717 {\n  padding-top: 30px;\n}\n<\/style>\n\t<\/div>\n\t\n<div class=\"row align-middle\"  id=\"row-186467862\">\n\n\t<div id=\"col-1181459293\" class=\"col pb-0 small-12 large-12\"  data-animate=\"fadeInRight\">\n\t\t\t\t<div class=\"col-inner\"  >\n\t\t\t\n\t\t\t\n\t<div id=\"gap-306567099\" class=\"gap-element clearfix show-for-small\" style=\"display:block; height:auto;\">\n\t\t\n<style>\n#gap-306567099 {\n  padding-top: 30px;\n}\n<\/style>\n\t<\/div>\n\t\n<div class=\"container section-title-container title-head title-none mb-0\" ><h3 class=\"section-title section-title-normal\"><b aria-hidden=\"true\"><\/b><span class=\"section-title-main\" >V\u1ec1 ch\u00fang t\u00f4i<\/span><b aria-hidden=\"true\"><\/b><\/h3><\/div>\n\t<div id=\"text-1865868895\" class=\"text text-justify\">\n\t\t\n<p>C\u00f4ng ty C\u1ed5 ph\u1ea7n \u0110\u1ecba ch\u1ea5t Thi\u1ebft K\u1ebf V\u00e0 X\u00e2y D\u1ef1ng M\u00ea K\u00f4ng \u0111\u01b0\u1ee3c th\u00e0nh l\u1eadp ng\u00e0y 10 th\u00e1ng 05 n\u0103m 2013 do S\u1edf K\u1ebf Ho\u1ea1ch v\u00e0 \u0110\u1ea7u t\u01b0 Th\u00e0nh ph\u1ed1 H\u1ed3 Ch\u00ed Minh c\u1ea5p ph\u00e9p ho\u1ea1t \u0111\u1ed9ng s\u1ed1 0312272577<br \/>\u0110\u1ea1t ch\u1ee9ng nh\u1eadn ISO\/IEC 17025: 2017 s\u1ed1 01118\/BTN-1167 ng\u00e0y 05 th\u00e1ng 11 n\u0103m 2018.<br \/>Ph\u00f2ng th\u00ed nghi\u1ec7m chuy\u00ean ng\u00e0nh x\u00e2y d\u1ef1ng LAS-XD 1167 theo Gi\u1ea5y ch\u1ee9ng nh\u1eadn s\u1ed1 248\/GCN-BXD ng\u00e0y 28 th\u00e1ng 06 n\u0103m 2023.<br \/>N\u0103ng l\u1ef1c ho\u1ea1t \u0111\u1ed9ng Kh\u1ea3o s\u00e1t x\u00e2y d\u1ef1ng ( Kh\u1ea3o s\u00e1t \u0111\u1ecba ch\u1ea5t- \u0111\u1ecba h\u00ecnh): H\u1ea1ng I \u2013 B\u1ed9 X\u00e2y d\u1ef1ng c\u1ea5p Ch\u1ee9ng ch\u1ec9 n\u0103ng l\u1ef1c ho\u1ea1t \u0111\u1ed9ng x\u00e2y d\u1ef1ng s\u1ed1 BXD-00008486 ng\u00e0y 09 th\u00e1ng 02 n\u0103m 2018, gia h\u1ea1n ng\u00e0y 07 th\u00e1ng 03 n\u0103m 2023.<br \/>\u0110\u0103ng k\u00fd tr\u00ean website c\u1ee7a B\u1ed9 X\u00e2y D\u1ef1ng v\u1ec1 vi\u1ec7c c\u00f4ng b\u1ed1 n\u0103ng l\u1ef1c c\u1ee7a t\u1ed5 ch\u1ee9c tham gia ho\u1ea1t \u0111\u1ed9ng x\u00e2y d\u1ef1ng c\u00f4ng tr\u00ecnh t\u1ea1i website http:\/\/nangluchdxd.xaydung.gov.vn\/<br \/>\u0110\u0103ng k\u00fd tr\u00ean m\u1ea1ng H\u1ec7 th\u1ed1ng \u0111\u1ea5u th\u1ea7u \u0111i\u1ec7n t\u1eed c\u1ee7a B\u1ed9 k\u1ebf ho\u1ea1ch v\u00e0 \u0110\u1ea7u t\u01b0 ng\u00e0y 15\/04\/2022<br \/>Th\u00e0nh l\u1eadp t\u1eeb n\u0103m 2013, Tr\u1ea3i qua h\u01a1n m\u1ed9t th\u1eadp k\u1ef7 h\u00ecnh th\u00e0nh v\u00e0 ph\u00e1t tri\u1ec3n, C\u00f4ng ty C\u1ed5 ph\u1ea7n \u0110\u1ecba ch\u1ea5t Thi\u1ebft K\u1ebf V\u00e0 X\u00e2y D\u1ef1ng M\u00ea K\u00f4ng \u0111\u00e3 kh\u1eb3ng \u0111\u1ecbnh v\u1ecb th\u1ebf l\u00e0 m\u1ed9t trong nh\u1eefng \u0111\u01a1n v\u1ecb t\u01b0 v\u1ea5n k\u1ef9 thu\u1eadt h\u00e0ng \u0111\u1ea7u t\u1ea1i khu v\u1ef1c ph\u00eda Nam trong c\u00e1c h\u1ea1ng m\u1ee5c t\u01b0 v\u1ea5n kh\u1ea3o s\u00e1t \u0111\u1ecba ch\u1ea5t, \u0111\u1ecba h\u00ecnh, ki\u1ec3m \u0111\u1ecbnh ch\u1ea5t l\u01b0\u1ee3ng c\u00f4ng t\u00ecnh ph\u1ee5c v\u1ee5 cho vi\u1ec7c ph\u00e1t tri\u1ec3n c\u00e1c D\u1ef1 \u00e1n c\u00f4ng tr\u00ecnh x\u00e2y d\u1ef1ng c\u00f4ng nghi\u1ec7p, giao th\u00f4ng v\u00e0 d\u00e2n d\u1ee5ng. <br \/>Trong nh\u1eefng n\u0103m qua, C\u00f4ng ty \u0111\u00e3 t\u1ea1o \u0111\u01b0\u1ee3c s\u1ef1 uy t\u00edn v\u00e0 ni\u1ec1m tin c\u1ee7a Kh\u00e1ch h\u00e0ng, \u0111\u01b0\u1ee3c ki\u1ec3m ch\u1ee9ng qua h\u00e0ng lo\u1ea1t c\u00e1c d\u1ef1 \u00e1n \u0111\u00e3 th\u1ef1c hi\u1ec7n. <br \/>C\u00f4ng ty C\u1ed5 ph\u1ea7n T\u01b0 v\u1ea5n Nam Khang l\u00e0 \u0111\u01a1n v\u1ecb t\u01b0 v\u1ea5n \u0111a ng\u00e0nh, \u0111a l\u0129nh v\u1ef1c trong \u0111\u00f3 chuy\u00ean s\u00e2u v\u1ec1:<br \/>T\u01b0 v\u1ea5n kh\u1ea3o s\u00e1t \u0111\u1ecba ch\u1ea5t c\u00f4ng tr\u00ecnh &#8211; \u0111\u1ecba k\u1ef9 thu\u1eadt.<br \/>T\u01b0 v\u1ea5n kh\u1ea3o s\u00e1t \u0111\u1ecba h\u00ecnh.<br \/>Th\u00ed nghi\u1ec7m v\u1eadt li\u1ec7u x\u00e2y d\u1ef1ng<br \/>MEKONG CDG CORP kh\u00f4ng ch\u1ec9 l\u00e0 nh\u00e0 th\u1ea7u, ch\u00fang t\u00f4i l\u00e0 ng\u01b0\u1eddi \u0111\u1ed3ng h\u00e0nh tin c\u1eady, gi\u00fap Qu\u00fd \u0111\u1ed1i t\u00e1c t\u1ed1i \u01b0u h\u00f3a chi ph\u00ed v\u00e0 \u0111\u1ea3m b\u1ea3o ti\u1ebfn \u0111\u1ed9 cho m\u1ecdi c\u00f4ng tr\u00ecnh.<br \/>Ch\u00fang t\u00f4i r\u1ea5t mong c\u00f3 c\u01a1 h\u1ed9i \u0111\u01b0\u1ee3c h\u1ee3p t\u00e1c v\u00e0 \u0111\u00f3ng g\u00f3p v\u00e0o s\u1ef1 th\u00e0nh c\u00f4ng c\u1ee7a c\u00e1c d\u1ef1 \u00e1n s\u1eafp t\u1edbi c\u1ee7a Qu\u00fd v\u1ecb.<\/p>\n\t\t\t<\/div>\n\t\n\t\t<\/div>\n\t\t\t\t\t<\/div>\n\n\t\n<\/div>\n\t\t<\/div>\n\n\t\t\n<style>\n#section_1764059268 {\n  padding-top: 30px;\n  padding-bottom: 30px;\n}\n<\/style>\n\t<\/section>\n\t\n","protected":false},"excerpt":{"rendered":"","protected":false},"author":1,"featured_media":0,"parent":0,"menu_order":0,"comment_status":"closed","ping_status":"closed","template":"page-blank.php","meta":{"footnotes":""},"class_list":["post-31","page","type-page","status-publish","hentry"],"_links":{"self":[{"href":"https:\/\/ktech3.k-tech-services.com\/info709\/wp-json\/wp\/v2\/pages\/31","targetHints":{"allow":["GET"]}}],"collection":[{"href":"https:\/\/ktech3.k-tech-services.com\/info709\/wp-json\/wp\/v2\/pages"}],"about":[{"href":"https:\/\/ktech3.k-tech-services.com\/info709\/wp-json\/wp\/v2\/types\/page"}],"author":[{"embeddable":true,"href":"https:\/\/ktech3.k-tech-services.com\/info709\/wp-json\/wp\/v2\/users\/1"}],"replies":[{"embeddable":true,"href":"https:\/\/ktech3.k-tech-services.com\/info709\/wp-json\/wp\/v2\/comments?post=31"}],"version-history":[{"count":41,"href":"https:\/\/ktech3.k-tech-services.com\/info709\/wp-json\/wp\/v2\/pages\/31\/revisions"}],"predecessor-version":[{"id":559,"href":"https:\/\/ktech3.k-tech-services.com\/info709\/wp-json\/wp\/v2\/pages\/31\/revisions\/559"}],"wp:attachment":[{"href":"https:\/\/ktech3.k-tech-services.com\/info709\/wp-json\/wp\/v2\/media?parent=31"}],"curies":[{"name":"wp","href":"https:\/\/api.w.org\/{rel}","templated":true}]}}