{"id":2,"date":"2026-03-22T17:06:12","date_gmt":"2026-03-22T17:06:12","guid":{"rendered":"http:\/\/nha.nc\/?page_id=2"},"modified":"2026-04-10T14:36:58","modified_gmt":"2026-04-10T07:36:58","slug":"trang-chu","status":"publish","type":"page","link":"https:\/\/ktech3.k-tech-services.com\/info709\/","title":{"rendered":"Trang ch\u1ee7"},"content":{"rendered":"\n\t<section class=\"section sec-banner\" id=\"section_430247667\">\n\t\t<div class=\"section-bg fill\" >\n\t\t\t\t\t\t\t\t\t\n\t\t\t\n\n\t\t<\/div>\n\n\t\t\n\n\t\t<div class=\"section-content relative\">\n\t\t\t\n<div class=\"slider-wrapper relative\" id=\"slider-1112601809\" >\n    <div class=\"slider slider-nav-dots-dashes slider-nav-simple slider-nav-large slider-nav-light slider-style-normal\"\n        data-flickity-options='{\n            \"cellAlign\": \"center\",\n            \"imagesLoaded\": true,\n            \"lazyLoad\": 1,\n            \"freeScroll\": false,\n            \"wrapAround\": true,\n            \"autoPlay\": 116000,\n            \"pauseAutoPlayOnHover\" : true,\n            \"prevNextButtons\": true,\n            \"contain\" : true,\n            \"adaptiveHeight\" : true,\n            \"dragThreshold\" : 10,\n            \"percentPosition\": true,\n            \"pageDots\": true,\n            \"rightToLeft\": false,\n            \"draggable\": true,\n            \"selectedAttraction\": 0.1,\n            \"parallax\" : 0,\n            \"friction\": 0.6        }'\n        >\n        \n\n  <div class=\"banner has-hover\" id=\"banner-1764683410\">\n          <div class=\"banner-inner fill\">\n        <div class=\"banner-bg fill\" >\n            <img loading=\"lazy\" decoding=\"async\" width=\"1520\" height=\"1390\" src=\"https:\/\/ktech3.k-tech-services.com\/info709\/wp-content\/uploads\/2026\/04\/z7701278690887_58153c580fcfd800fac90b7c7b5cccc5-e1775794578454.jpg\" class=\"bg attachment-original size-original\" alt=\"\" \/>                        <div class=\"overlay\"><\/div>            \n                    <\/div>\n\t\t\n        <div class=\"banner-layers container\">\n            <div class=\"fill banner-link\"><\/div>            \n   <div id=\"text-box-2115976079\" class=\"text-box banner-layer x50 md-x50 lg-x50 y50 md-y50 lg-y50 res-text\">\n                                <div class=\"text-box-content text dark\">\n              \n              <div class=\"text-inner text-center\">\n                  \n              <\/div>\n           <\/div>\n                            \n<style>\n#text-box-2115976079 {\n  width: 60%;\n}\n#text-box-2115976079 .text-box-content {\n  font-size: 100%;\n}\n@media (min-width:550px) {\n  #text-box-2115976079 {\n    width: 60%;\n  }\n}\n<\/style>\n    <\/div>\n \n        <\/div>\n      <\/div>\n\n            \n<style>\n#banner-1764683410 {\n  padding-top: 65vh;\n}\n#banner-1764683410 .overlay {\n  background-color: rgba(0, 0, 0, 0.3);\n}\n#banner-1764683410 .banner-bg img {\n  object-position: 34% 75%;\n}\n@media (min-width:550px) {\n  #banner-1764683410 {\n    padding-top: 90vh;\n  }\n}\n<\/style>\n  <\/div>\n\n\n\n  <div class=\"banner has-hover\" id=\"banner-1717769034\">\n          <div class=\"banner-inner fill\">\n        <div class=\"banner-bg fill\" >\n            <img loading=\"lazy\" decoding=\"async\" width=\"1520\" height=\"1390\" src=\"https:\/\/ktech3.k-tech-services.com\/info709\/wp-content\/uploads\/2026\/04\/z7701278690887_58153c580fcfd800fac90b7c7b5cccc5-e1775794578454.jpg\" class=\"bg attachment-original size-original\" alt=\"\" \/>                        <div class=\"overlay\"><\/div>            \n                    <\/div>\n\t\t\n        <div class=\"banner-layers container\">\n            <div class=\"fill banner-link\"><\/div>            \n   <div id=\"text-box-1140651634\" class=\"text-box banner-layer x50 md-x50 lg-x50 y50 md-y50 lg-y50 res-text\">\n                                <div class=\"text-box-content text dark\">\n              \n              <div class=\"text-inner text-center\">\n                  \n              <\/div>\n           <\/div>\n                            \n<style>\n#text-box-1140651634 {\n  width: 60%;\n}\n#text-box-1140651634 .text-box-content {\n  font-size: 100%;\n}\n@media (min-width:550px) {\n  #text-box-1140651634 {\n    width: 60%;\n  }\n}\n<\/style>\n    <\/div>\n \n        <\/div>\n      <\/div>\n\n            \n<style>\n#banner-1717769034 {\n  padding-top: 65vh;\n}\n#banner-1717769034 .overlay {\n  background-color: rgba(0, 0, 0, 0.3);\n}\n#banner-1717769034 .banner-bg img {\n  object-position: 34% 75%;\n}\n@media (min-width:550px) {\n  #banner-1717769034 {\n    padding-top: 90vh;\n  }\n}\n<\/style>\n  <\/div>\n\n\n     <\/div>\n\n     <div class=\"loading-spin dark large centered\"><\/div>\n\n\t<\/div>\n\n\n\t\t<\/div>\n\n\t\t\n<style>\n#section_430247667 {\n  padding-top: 0px;\n  padding-bottom: 0px;\n}\n<\/style>\n\t<\/section>\n\t\n\n\t<section class=\"section home-about\" id=\"section_1697962905\">\n\t\t<div class=\"section-bg fill\" >\n\t\t\t\t\t\t\t\t\t\n\t\t\t\n\n\t\t<\/div>\n\n\t\t\n\n\t\t<div class=\"section-content relative\">\n\t\t\t\n<div class=\"container section-title-container title-page title-none mb-0\" ><h3 class=\"section-title section-title-center\"><b aria-hidden=\"true\"><\/b><span class=\"section-title-main\" >L\u0129nh v\u1ef1c kinh doanh<\/span><b aria-hidden=\"true\"><\/b><\/h3><\/div>\n\t<div id=\"gap-336433070\" class=\"gap-element clearfix\" style=\"display:block; height:auto;\">\n\t\t\n<style>\n#gap-336433070 {\n  padding-top: 30px;\n}\n<\/style>\n\t<\/div>\n\t\n<div class=\"row align-middle\"  id=\"row-1348458982\">\n\n\t<div id=\"col-1706093547\" class=\"col pb-0 small-12 large-12\"  data-animate=\"fadeInRight\">\n\t\t\t\t<div class=\"col-inner\"  >\n\t\t\t\n\t\t\t\n\t<div id=\"gap-1147862365\" class=\"gap-element clearfix show-for-small\" style=\"display:block; height:auto;\">\n\t\t\n<style>\n#gap-1147862365 {\n  padding-top: 30px;\n}\n<\/style>\n\t<\/div>\n\t\n<div class=\"container section-title-container title-head title-none mb-0\" ><h3 class=\"section-title section-title-center\"><b aria-hidden=\"true\"><\/b><span class=\"section-title-main\" >V\u1ec1 ch\u00fang t\u00f4i<\/span><b aria-hidden=\"true\"><\/b><\/h3><\/div>\n\t<div id=\"text-3054400944\" class=\"text text-justify\">\n\t\t\n<h2 style=\"text-align: center;\"><span style=\"font-size: 80%;\"><strong>MEKONG CDG CORP ch\u1ea5t l\u01b0\u1ee3ng &#8211; D\u1ef1ng ni\u1ec1m tin<\/strong><\/span><\/h2>\n<p>X\u00e2y d\u1ef1ng C\u00f4ng ty C\u1ed5 ph\u1ea7n \u0110\u1ecba ch\u1ea5t Thi\u1ebft K\u1ebf V\u00e0 X\u00e2y D\u1ef1ng M\u00ea K\u00f4ng l\u00e0 C\u00f4ng ty t\u01b0 v\u1ea5n \u0111a l\u0129nh v\u1ef1c, v\u1edbi tr\u1ecdng t\u00e2m l\u00e0 c\u00e1c l\u0129nh v\u1ef1c \u0110\u1ecba ch\u1ea5t c\u00f4ng tr\u00ecnh \u2013 \u0110\u1ecba k\u1ef9 thu\u1eadt v\u00e0 n\u1ec1n m\u00f3ng, T\u01b0 v\u1ea5n M\u00f4i tr\u01b0\u1eddng, Kh\u1ea3o s\u00e1t \u0111\u1ecba h\u00ecnh, T\u00e0i nguy\u00ean n\u01b0\u1edbc, T\u00e0i nguy\u00ean kho\u00e1ng s\u1ea3n\u2026v\u1edbi ch\u1ea5t l\u01b0\u1ee3ng cao v\u00e0 s\u1ef1 tin c\u1eady h\u00e0ng \u0111\u1ea7u cho c\u00e1c kh\u00e1ch h\u00e0ng trong v\u00e0 ngo\u00e0i n\u01b0\u1edbc.<br \/>C\u00f4ng ty C\u1ed5 ph\u1ea7n \u0110\u1ecba ch\u1ea5t Thi\u1ebft K\u1ebf V\u00e0 X\u00e2y D\u1ef1ng M\u00ea K\u00f4ng kh\u00f4ng ng\u1eebng h\u1ecdc h\u1ecfi, s\u00e1ng t\u1ea1o, c\u1ea3i ti\u1ebfn v\u00e0 \u00e1p d\u1ee5ng c\u00f4ng ngh\u1ec7 m\u1edbi \u0111\u1ec3 ph\u1ee5c v\u1ee5 Kh\u00e1ch h\u00e0ng ng\u00e0y m\u1ed9t chuy\u00ean nghi\u1ec7p h\u01a1n, tr\u1edf th\u00e0nh m\u1ed9t trong nh\u1eefng Nh\u00e0 t\u01b0 v\u1ea5n x\u00e2y d\u1ef1ng h\u00e0ng \u0111\u1ea7u trong n\u01b0\u1edbc v\u00e0 t\u1eebng b\u01b0\u1edbc ph\u00e1t tri\u1ec3n trong khu v\u1ef1c \u0110\u00f4ng Nam \u00c1<\/p>\n\t\t\n<style>\n#text-3054400944 {\n  text-align: center;\n}\n<\/style>\n\t<\/div>\n\t\n<a href=\"https:\/\/ktech3.k-tech-services.com\/info709\/gioi-thieu\/\" class=\"button secondary lowercase btn-home\" style=\"border-radius:10px;padding:12px 40px 12px 40px;\">\n\t\t<span>Xem th\u00eam<\/span>\n\t<\/a>\n\n\t\t<\/div>\n\t\t\t\t\t<\/div>\n\n\t\n<\/div>\n\t\t<\/div>\n\n\t\t\n<style>\n#section_1697962905 {\n  padding-top: 30px;\n  padding-bottom: 30px;\n}\n<\/style>\n\t<\/section>\n\t\n\n\t<section class=\"section sec-danhgia\" id=\"section_1866300096\">\n\t\t<div class=\"section-bg fill\" >\n\t\t\t\t\t\t\t\t\t\n\t\t\t\n\n\t\t<\/div>\n\n\t\t\n\n\t\t<div class=\"section-content relative\">\n\t\t\t\n<div class=\"row\"  id=\"row-1520792904\">\n\n\t<div id=\"col-1189212760\" class=\"col small-12 large-12\"  data-animate=\"bounceInDown\">\n\t\t\t\t<div class=\"col-inner\"  >\n\t\t\t\n\t\t\t\n<div class=\"container section-title-container title-head title-none mb-0\" ><h3 class=\"section-title section-title-center\"><b aria-hidden=\"true\"><\/b><span class=\"section-title-main\" >H\u1ed3 s\u01a1 n\u0103ng l\u1ef1c<\/span><b aria-hidden=\"true\"><\/b><\/h3><\/div>\n\n<div class=\"_df_book df-lite\" id=\"df_538\"  _slug=\"538\" data-title=\"\" wpoptions=\"true\" thumbtype=\"\" ><\/div><script class=\"df-shortcode-script\" nowprocket type=\"application\/javascript\">window.option_df_538 = {\"outline\":[],\"backgroundColor\":\"transparent\",\"autoEnableOutline\":\"false\",\"autoEnableThumbnail\":\"false\",\"overwritePDFOutline\":\"false\",\"direction\":\"1\",\"pageSize\":\"0\",\"source\":\"https:\\\/\\\/ktech3.k-tech-services.com\\\/info709\\\/wp-content\\\/uploads\\\/2026\\\/04\\\/HSNL-MEKONG.pdf\",\"wpOptions\":\"true\"}; if(window.DFLIP && window.DFLIP.parseBooks){window.DFLIP.parseBooks();}<\/script>\n\n\t\t<\/div>\n\t\t\t\t\t<\/div>\n\n\t\n<\/div>\n\t\t<\/div>\n\n\t\t\n<style>\n#section_1866300096 {\n  padding-top: 60px;\n  padding-bottom: 60px;\n}\n<\/style>\n\t<\/section>\n\t\n\n","protected":false},"excerpt":{"rendered":"","protected":false},"author":1,"featured_media":0,"parent":0,"menu_order":0,"comment_status":"closed","ping_status":"closed","template":"page-blank.php","meta":{"footnotes":""},"class_list":["post-2","page","type-page","status-publish","hentry"],"_links":{"self":[{"href":"https:\/\/ktech3.k-tech-services.com\/info709\/wp-json\/wp\/v2\/pages\/2","targetHints":{"allow":["GET"]}}],"collection":[{"href":"https:\/\/ktech3.k-tech-services.com\/info709\/wp-json\/wp\/v2\/pages"}],"about":[{"href":"https:\/\/ktech3.k-tech-services.com\/info709\/wp-json\/wp\/v2\/types\/page"}],"author":[{"embeddable":true,"href":"https:\/\/ktech3.k-tech-services.com\/info709\/wp-json\/wp\/v2\/users\/1"}],"replies":[{"embeddable":true,"href":"https:\/\/ktech3.k-tech-services.com\/info709\/wp-json\/wp\/v2\/comments?post=2"}],"version-history":[{"count":133,"href":"https:\/\/ktech3.k-tech-services.com\/info709\/wp-json\/wp\/v2\/pages\/2\/revisions"}],"predecessor-version":[{"id":581,"href":"https:\/\/ktech3.k-tech-services.com\/info709\/wp-json\/wp\/v2\/pages\/2\/revisions\/581"}],"wp:attachment":[{"href":"https:\/\/ktech3.k-tech-services.com\/info709\/wp-json\/wp\/v2\/media?parent=2"}],"curies":[{"name":"wp","href":"https:\/\/api.w.org\/{rel}","templated":true}]}}